{"id":4444,"date":"2023-03-02T12:54:00","date_gmt":"2023-03-02T00:54:00","guid":{"rendered":"https:\/\/www.eketahuna.co.nz\/?page_id=4444"},"modified":"2023-04-01T11:59:35","modified_gmt":"2023-03-31T23:59:35","slug":"waka-park-queen-mother-elizabeth-garden-project-main-street-eketahuna","status":"publish","type":"page","link":"https:\/\/www.eketahuna.co.nz\/?page_id=4444","title":{"rendered":"Waka Park\/Queen Mother Elizabeth Garden Project, Main Street Eket\u0101huna"},"content":{"rendered":"\n<p>In the early part of the century the Queen Mother Elizabeth Garden became derelict and the redevelopment plan was established to acknowledge the many centuries of history here in Eket\u0101huna and our shared history since 1873 and provide a community marae\/courtyard where formal greetings and discussions can take place and occasions can be marked such the commemoration of Queen Elizabeth II&#8217;s seventy year reign upon her death in 2022, and the first appearance before sunrise of Matariki in the north-eastern sky indicating the beginning of the M\u0101ori year.<\/p>\n\n\n<div class=\"wp-block-image\">\n<figure class=\"aligncenter size-full\"><img loading=\"lazy\" decoding=\"async\" width=\"711\" height=\"400\" src=\"https:\/\/www.eketahuna.co.nz\/wp-content\/uploads\/nireheareservegift-1.png\" alt=\"\" class=\"wp-image-4445\" srcset=\"https:\/\/www.eketahuna.co.nz\/wp-content\/uploads\/nireheareservegift-1.png 711w, https:\/\/www.eketahuna.co.nz\/wp-content\/uploads\/nireheareservegift-1-300x169.png 300w, https:\/\/www.eketahuna.co.nz\/wp-content\/uploads\/nireheareservegift-1-150x84.png 150w\" sizes=\"auto, (max-width: 711px) 100vw, 711px\" \/><\/figure>\n<\/div>\n\n\n<p>Russel Gaskin and Warren Chase were commissioned to carve a waka tiwai and were gifted a Totara from the Nireaha Native Reserve which had been undermined by flood waters on the Mangatainoka river. Stage one of the developement.<\/p>\n\n\n<div class=\"wp-block-image\">\n<figure class=\"aligncenter size-full\"><img loading=\"lazy\" decoding=\"async\" width=\"730\" height=\"432\" src=\"https:\/\/www.eketahuna.co.nz\/wp-content\/uploads\/carvingprocess.png\" alt=\"\" class=\"wp-image-4446\" srcset=\"https:\/\/www.eketahuna.co.nz\/wp-content\/uploads\/carvingprocess.png 730w, https:\/\/www.eketahuna.co.nz\/wp-content\/uploads\/carvingprocess-300x178.png 300w, https:\/\/www.eketahuna.co.nz\/wp-content\/uploads\/carvingprocess-150x89.png 150w\" sizes=\"auto, (max-width: 730px) 100vw, 730px\" \/><\/figure>\n<\/div>\n\n\n<p class=\"has-text-align-center\">Carving &#8211; hollowed out, the arrival of chisels, the carving underway.<\/p>\n\n\n<div class=\"wp-block-image\">\n<figure class=\"aligncenter size-full\"><img loading=\"lazy\" decoding=\"async\" width=\"533\" height=\"484\" src=\"https:\/\/www.eketahuna.co.nz\/wp-content\/uploads\/namingandblessingofthewaka-2.png\" alt=\"\" class=\"wp-image-4447\" srcset=\"https:\/\/www.eketahuna.co.nz\/wp-content\/uploads\/namingandblessingofthewaka-2.png 533w, https:\/\/www.eketahuna.co.nz\/wp-content\/uploads\/namingandblessingofthewaka-2-300x272.png 300w, https:\/\/www.eketahuna.co.nz\/wp-content\/uploads\/namingandblessingofthewaka-2-150x136.png 150w\" sizes=\"auto, (max-width: 533px) 100vw, 533px\" \/><\/figure>\n<\/div>\n\n\n<p class=\"has-text-align-center\">The naming and blessing ceremony. From Left, Tipene Chase, Dave Shannon and two local tamariki.<\/p>\n\n\n<div class=\"wp-block-image\">\n<figure class=\"aligncenter size-full\"><img loading=\"lazy\" decoding=\"async\" width=\"700\" height=\"525\" src=\"https:\/\/www.eketahuna.co.nz\/wp-content\/uploads\/wakarivertesting.png\" alt=\"\" class=\"wp-image-4456\" srcset=\"https:\/\/www.eketahuna.co.nz\/wp-content\/uploads\/wakarivertesting.png 700w, https:\/\/www.eketahuna.co.nz\/wp-content\/uploads\/wakarivertesting-300x225.png 300w, https:\/\/www.eketahuna.co.nz\/wp-content\/uploads\/wakarivertesting-150x113.png 150w, https:\/\/www.eketahuna.co.nz\/wp-content\/uploads\/wakarivertesting-135x100.png 135w\" sizes=\"auto, (max-width: 700px) 100vw, 700px\" \/><\/figure>\n<\/div>\n\n\n<p class=\"has-text-align-center\">On The River  &#8211; Chad Duffy in prow and Liam Potangaroa-Carter in the stern.<\/p>\n\n\n<div class=\"wp-block-image\">\n<figure class=\"aligncenter size-full\"><img loading=\"lazy\" decoding=\"async\" width=\"630\" height=\"472\" src=\"https:\/\/www.eketahuna.co.nz\/wp-content\/uploads\/waka2022-2.png\" alt=\"\" class=\"wp-image-4448\" srcset=\"https:\/\/www.eketahuna.co.nz\/wp-content\/uploads\/waka2022-2.png 630w, https:\/\/www.eketahuna.co.nz\/wp-content\/uploads\/waka2022-2-300x225.png 300w, https:\/\/www.eketahuna.co.nz\/wp-content\/uploads\/waka2022-2-150x112.png 150w, https:\/\/www.eketahuna.co.nz\/wp-content\/uploads\/waka2022-2-135x100.png 135w\" sizes=\"auto, (max-width: 630px) 100vw, 630px\" \/><\/figure>\n<\/div>\n\n\n<p>Te kotahitanga o Eket\u0101huna . Waka Tiwai which is a waka designed for travelling in shallow and narrow waterways. Stage two of the developement.<\/p>\n\n\n<div class=\"wp-block-image\">\n<figure class=\"aligncenter size-full\"><img loading=\"lazy\" decoding=\"async\" width=\"753\" height=\"564\" src=\"https:\/\/www.eketahuna.co.nz\/wp-content\/uploads\/waka_park_entranceandlargecarving-2.png\" alt=\"\" class=\"wp-image-4449\" srcset=\"https:\/\/www.eketahuna.co.nz\/wp-content\/uploads\/waka_park_entranceandlargecarving-2.png 753w, https:\/\/www.eketahuna.co.nz\/wp-content\/uploads\/waka_park_entranceandlargecarving-2-300x225.png 300w, https:\/\/www.eketahuna.co.nz\/wp-content\/uploads\/waka_park_entranceandlargecarving-2-150x112.png 150w, https:\/\/www.eketahuna.co.nz\/wp-content\/uploads\/waka_park_entranceandlargecarving-2-135x100.png 135w\" sizes=\"auto, (max-width: 753px) 100vw, 753px\" \/><\/figure>\n<\/div>\n\n\n<p>Entrance &#8211; te waharoa nga poukaitiaki Ranginui and Papat\u016b\u0101nuku and wall carvings &#8211; symbolic waka taua.<\/p>\n\n\n<div class=\"wp-block-image\">\n<figure class=\"aligncenter size-full\"><img loading=\"lazy\" decoding=\"async\" width=\"700\" height=\"520\" src=\"https:\/\/www.eketahuna.co.nz\/wp-content\/uploads\/dualplaques.png\" alt=\"\" class=\"wp-image-4452\" srcset=\"https:\/\/www.eketahuna.co.nz\/wp-content\/uploads\/dualplaques.png 700w, https:\/\/www.eketahuna.co.nz\/wp-content\/uploads\/dualplaques-300x223.png 300w, https:\/\/www.eketahuna.co.nz\/wp-content\/uploads\/dualplaques-150x111.png 150w, https:\/\/www.eketahuna.co.nz\/wp-content\/uploads\/dualplaques-135x100.png 135w\" sizes=\"auto, (max-width: 700px) 100vw, 700px\" \/><\/figure>\n<\/div>\n\n\n<p>Commemorative plaque &#8211; Queen Mother Elizabeth Garden to commemorate the 100th Birthday of Her Royal Highness The Queen Mother 4th August 2000 and waka naming carving.<\/p>\n\n\n<div class=\"wp-block-image\">\n<figure class=\"aligncenter size-full\"><img loading=\"lazy\" decoding=\"async\" width=\"437\" height=\"400\" src=\"https:\/\/www.eketahuna.co.nz\/wp-content\/uploads\/hoerenabridgetwarren-1.png\" alt=\"\" class=\"wp-image-4451\" srcset=\"https:\/\/www.eketahuna.co.nz\/wp-content\/uploads\/hoerenabridgetwarren-1.png 437w, https:\/\/www.eketahuna.co.nz\/wp-content\/uploads\/hoerenabridgetwarren-1-300x275.png 300w, https:\/\/www.eketahuna.co.nz\/wp-content\/uploads\/hoerenabridgetwarren-1-150x137.png 150w\" sizes=\"auto, (max-width: 437px) 100vw, 437px\" \/><\/figure>\n<\/div>\n\n\n<p>Presentation of the hoa &#8211; RenaTyler, then Chair of Our Town, Bridget Wellwood, then Chair of the Museum and Warren Chase.<\/p>\n\n\n\n<p>&#8220;Mihi ki te Kuini&#8221; the Marae, the area on Main Street known as The Waka Park.<\/p>\n\n\n<div class=\"wp-block-image\">\n<figure class=\"aligncenter size-full\"><img loading=\"lazy\" decoding=\"async\" width=\"533\" height=\"400\" src=\"https:\/\/www.eketahuna.co.nz\/wp-content\/uploads\/wakapark2023.png\" alt=\"\" class=\"wp-image-4365\" srcset=\"https:\/\/www.eketahuna.co.nz\/wp-content\/uploads\/wakapark2023.png 533w, https:\/\/www.eketahuna.co.nz\/wp-content\/uploads\/wakapark2023-300x225.png 300w, https:\/\/www.eketahuna.co.nz\/wp-content\/uploads\/wakapark2023-150x113.png 150w, https:\/\/www.eketahuna.co.nz\/wp-content\/uploads\/wakapark2023-135x100.png 135w\" sizes=\"auto, (max-width: 533px) 100vw, 533px\" \/><\/figure>\n<\/div>\n\n\n<p>Features Ng\u0101 poukaitiaki (sentries) Ranginui and Papat\u016b\u0101nuku supported by P\u0101 T\u016bwatawata (palisades) on the left, ng\u0101 kohatu (rock&#8217;s) on the right, and the Waka tiwai with the pou Tangaroa and Tane at either end, on the backwall the name of the Waka, Te Kotahitanga, where the Queen&#8217;s memorial plaque was, which is now on the back of the carved seat supported by two wahine Rangatira, Hotuwaipara and Reretua. Adorning the southern wall is the symbolic carving of a Waka Taua (war canoe) and a beautiful mural of Ng\u0101 whitu o Matariki painted by Stella Governor a young local artist.<br>Mihi ki te Kuini te Kotahitanga o Eket\u0101huna tiihei mauri ora.<\/p>\n","protected":false},"excerpt":{"rendered":"<p>In the early part of the century the Queen Mother Elizabeth Garden became derelict and the redevelopment plan was established to acknowledge the many centuries of history here in Eket\u0101huna and our shared history since 1873 and provide a community marae\/courtyard where formal greetings and discussions can take place and occasions can be marked such [&hellip;]<\/p>\n","protected":false},"author":1,"featured_media":4365,"parent":0,"menu_order":0,"comment_status":"closed","ping_status":"closed","template":"","meta":{"footnotes":""},"class_list":["post-4444","page","type-page","status-publish","has-post-thumbnail"],"_links":{"self":[{"href":"https:\/\/www.eketahuna.co.nz\/index.php?rest_route=\/wp\/v2\/pages\/4444","targetHints":{"allow":["GET"]}}],"collection":[{"href":"https:\/\/www.eketahuna.co.nz\/index.php?rest_route=\/wp\/v2\/pages"}],"about":[{"href":"https:\/\/www.eketahuna.co.nz\/index.php?rest_route=\/wp\/v2\/types\/page"}],"author":[{"embeddable":true,"href":"https:\/\/www.eketahuna.co.nz\/index.php?rest_route=\/wp\/v2\/users\/1"}],"replies":[{"embeddable":true,"href":"https:\/\/www.eketahuna.co.nz\/index.php?rest_route=%2Fwp%2Fv2%2Fcomments&post=4444"}],"version-history":[{"count":10,"href":"https:\/\/www.eketahuna.co.nz\/index.php?rest_route=\/wp\/v2\/pages\/4444\/revisions"}],"predecessor-version":[{"id":4475,"href":"https:\/\/www.eketahuna.co.nz\/index.php?rest_route=\/wp\/v2\/pages\/4444\/revisions\/4475"}],"wp:featuredmedia":[{"embeddable":true,"href":"https:\/\/www.eketahuna.co.nz\/index.php?rest_route=\/wp\/v2\/media\/4365"}],"wp:attachment":[{"href":"https:\/\/www.eketahuna.co.nz\/index.php?rest_route=%2Fwp%2Fv2%2Fmedia&parent=4444"}],"curies":[{"name":"wp","href":"https:\/\/api.w.org\/{rel}","templated":true}]}}